{"id":25,"date":"2023-10-07T07:33:21","date_gmt":"2023-10-07T07:33:21","guid":{"rendered":"https:\/\/tipsapaterna.es\/?page_id=25"},"modified":"2023-10-10T06:29:33","modified_gmt":"2023-10-10T06:29:33","slug":"novedades","status":"publish","type":"page","link":"https:\/\/tipsapaterna.es\/?page_id=25","title":{"rendered":"Novedades"},"content":{"rendered":"\n<h2 class=\"wp-block-heading\">Novedades<\/h2>\n\n\n<style>.wp-show-posts-columns#wpsp-87 {margin-left: -2em; }.wp-show-posts-columns#wpsp-87 .wp-show-posts-inner {margin: 0 0 2em 2em; }<\/style><section id=\"wpsp-87\" class=\" wp-show-posts-columns wp-show-posts\" style=\"\"><article class=\" wp-show-posts-single post-84 post type-post status-publish format-standard has-post-thumbnail hentry category-novedades wpsp-col-4\" itemtype=\"http:\/\/schema.org\/CreativeWork\" itemscope><div class=\"wp-show-posts-inner\" style=\"\">\t\t\t\t\t\t<header class=\"wp-show-posts-entry-header\">\n\t\t\t\t\t\t\t<h2 class=\"wp-show-posts-entry-title\" itemprop=\"headline\"><a href=\"https:\/\/tipsapaterna.es\/?p=84\" rel=\"bookmark\">Servicio Puerta a puerta<\/a><\/h2><div class=\"wp-show-posts-entry-meta wp-show-posts-entry-meta-below-title post-meta-inline\"><span class=\"wp-show-posts-posted-on wp-show-posts-meta\">\n\t\t\t\t\t<a href=\"https:\/\/tipsapaterna.es\/?p=84\" title=\"6:27 am\" rel=\"bookmark\"><time class=\"wp-show-posts-entry-date published\" datetime=\"2023-10-10T06:27:21+00:00\" itemprop=\"datePublished\">octubre 10, 2023<\/time><time class=\"wp-show-posts-updated\" datetime=\"2023-10-10T06:52:14+00:00\" itemprop=\"dateModified\">octubre 10, 2023<\/time><\/a>\n\t\t\t\t<\/span><\/div>\t\t\t\t\t\t<\/header><!-- .entry-header -->\n\t\t\t\t\t\t\t<div class=\"wp-show-posts-image  wpsp-image-center \">\n\t\t\t<a href=\"https:\/\/tipsapaterna.es\/?p=84\"  title=\"Servicio Puerta a puerta\"><img loading=\"lazy\" decoding=\"async\" width=\"700\" height=\"400\" src=\"https:\/\/tipsapaterna.es\/wp-content\/uploads\/2023\/10\/Entrega-de-Paquetes.-Servicio-de-Paqueteria.jpg\" class=\"attachment-full size-full wp-post-image\" alt=\"\" itemprop=\"image\" srcset=\"https:\/\/tipsapaterna.es\/wp-content\/uploads\/2023\/10\/Entrega-de-Paquetes.-Servicio-de-Paqueteria.jpg 700w, https:\/\/tipsapaterna.es\/wp-content\/uploads\/2023\/10\/Entrega-de-Paquetes.-Servicio-de-Paqueteria-300x171.jpg 300w\" sizes=\"auto, (max-width: 700px) 100vw, 700px\" \/><\/a>\t\t<\/div>\n\t\t\t\t\t\t\t\t<div class=\"wp-show-posts-entry-summary\" itemprop=\"text\">\n\t\t\t\t\t\t\t<p>\u00a1Nueva Oferta de Servicio Puerta a Puerta! Estamos emocionados de anunciar nuestro \u00faltimo servicio para hacer la vida de nuestros clientes a\u00fan m\u00e1s f\u00e1cil: el servicio puerta a puerta de&#8230;<\/p>\n\t\t\t\t\t\t<\/div><!-- .entry-summary -->\n\t\t\t\t\t<\/div><!-- wp-show-posts-inner --><\/article><div class=\"wpsp-clear\"><\/div><\/section><!-- .wp-show-posts -->\n","protected":false},"excerpt":{"rendered":"<p>Novedades<\/p>\n","protected":false},"author":1,"featured_media":0,"parent":0,"menu_order":0,"comment_status":"closed","ping_status":"closed","template":"frontpage.php","meta":{"footnotes":""},"class_list":["post-25","page","type-page","status-publish","hentry"],"yoast_head":"<!-- This site is optimized with the Yoast SEO plugin v21.3 - https:\/\/yoast.com\/wordpress\/plugins\/seo\/ -->\n<title>Novedades - Tipsa Paterna<\/title>\n<meta name=\"robots\" content=\"index, follow, max-snippet:-1, max-image-preview:large, max-video-preview:-1\" \/>\n<link rel=\"canonical\" href=\"https:\/\/tipsapaterna.es\/?page_id=25\" \/>\n<meta property=\"og:locale\" content=\"es_ES\" \/>\n<meta property=\"og:type\" content=\"article\" \/>\n<meta property=\"og:title\" content=\"Novedades - Tipsa Paterna\" \/>\n<meta property=\"og:description\" content=\"Novedades\" \/>\n<meta property=\"og:url\" content=\"https:\/\/tipsapaterna.es\/?page_id=25\" \/>\n<meta property=\"og:site_name\" content=\"Tipsa Paterna\" \/>\n<meta property=\"article:modified_time\" content=\"2023-10-10T06:29:33+00:00\" \/>\n<meta name=\"twitter:card\" content=\"summary_large_image\" \/>\n<meta name=\"twitter:label1\" content=\"Tiempo de lectura\" \/>\n\t<meta name=\"twitter:data1\" content=\"1 minuto\" \/>\n<script type=\"application\/ld+json\" class=\"yoast-schema-graph\">{\"@context\":\"https:\/\/schema.org\",\"@graph\":[{\"@type\":\"WebPage\",\"@id\":\"https:\/\/tipsapaterna.es\/?page_id=25\",\"url\":\"https:\/\/tipsapaterna.es\/?page_id=25\",\"name\":\"Novedades - Tipsa Paterna\",\"isPartOf\":{\"@id\":\"https:\/\/tipsapaterna.es\/#website\"},\"datePublished\":\"2023-10-07T07:33:21+00:00\",\"dateModified\":\"2023-10-10T06:29:33+00:00\",\"breadcrumb\":{\"@id\":\"https:\/\/tipsapaterna.es\/?page_id=25#breadcrumb\"},\"inLanguage\":\"es\",\"potentialAction\":[{\"@type\":\"ReadAction\",\"target\":[\"https:\/\/tipsapaterna.es\/?page_id=25\"]}]},{\"@type\":\"BreadcrumbList\",\"@id\":\"https:\/\/tipsapaterna.es\/?page_id=25#breadcrumb\",\"itemListElement\":[{\"@type\":\"ListItem\",\"position\":1,\"name\":\"Portada\",\"item\":\"https:\/\/tipsapaterna.es\/\"},{\"@type\":\"ListItem\",\"position\":2,\"name\":\"Novedades\"}]},{\"@type\":\"WebSite\",\"@id\":\"https:\/\/tipsapaterna.es\/#website\",\"url\":\"https:\/\/tipsapaterna.es\/\",\"name\":\"Tipsa Paterna\",\"description\":\"Tu empresa de transporte\",\"publisher\":{\"@id\":\"https:\/\/tipsapaterna.es\/#organization\"},\"potentialAction\":[{\"@type\":\"SearchAction\",\"target\":{\"@type\":\"EntryPoint\",\"urlTemplate\":\"https:\/\/tipsapaterna.es\/?s={search_term_string}\"},\"query-input\":\"required name=search_term_string\"}],\"inLanguage\":\"es\"},{\"@type\":\"Organization\",\"@id\":\"https:\/\/tipsapaterna.es\/#organization\",\"name\":\"Tipsa Paterna\",\"url\":\"https:\/\/tipsapaterna.es\/\",\"logo\":{\"@type\":\"ImageObject\",\"inLanguage\":\"es\",\"@id\":\"https:\/\/tipsapaterna.es\/#\/schema\/logo\/image\/\",\"url\":\"https:\/\/tipsapaterna.es\/wp-content\/uploads\/2023\/10\/cropped-120.jpg\",\"contentUrl\":\"https:\/\/tipsapaterna.es\/wp-content\/uploads\/2023\/10\/cropped-120.jpg\",\"width\":70,\"height\":70,\"caption\":\"Tipsa Paterna\"},\"image\":{\"@id\":\"https:\/\/tipsapaterna.es\/#\/schema\/logo\/image\/\"}}]}<\/script>\n<!-- \/ Yoast SEO plugin. -->","yoast_head_json":{"title":"Novedades - Tipsa Paterna","robots":{"index":"index","follow":"follow","max-snippet":"max-snippet:-1","max-image-preview":"max-image-preview:large","max-video-preview":"max-video-preview:-1"},"canonical":"https:\/\/tipsapaterna.es\/?page_id=25","og_locale":"es_ES","og_type":"article","og_title":"Novedades - Tipsa Paterna","og_description":"Novedades","og_url":"https:\/\/tipsapaterna.es\/?page_id=25","og_site_name":"Tipsa Paterna","article_modified_time":"2023-10-10T06:29:33+00:00","twitter_card":"summary_large_image","twitter_misc":{"Tiempo de lectura":"1 minuto"},"schema":{"@context":"https:\/\/schema.org","@graph":[{"@type":"WebPage","@id":"https:\/\/tipsapaterna.es\/?page_id=25","url":"https:\/\/tipsapaterna.es\/?page_id=25","name":"Novedades - Tipsa Paterna","isPartOf":{"@id":"https:\/\/tipsapaterna.es\/#website"},"datePublished":"2023-10-07T07:33:21+00:00","dateModified":"2023-10-10T06:29:33+00:00","breadcrumb":{"@id":"https:\/\/tipsapaterna.es\/?page_id=25#breadcrumb"},"inLanguage":"es","potentialAction":[{"@type":"ReadAction","target":["https:\/\/tipsapaterna.es\/?page_id=25"]}]},{"@type":"BreadcrumbList","@id":"https:\/\/tipsapaterna.es\/?page_id=25#breadcrumb","itemListElement":[{"@type":"ListItem","position":1,"name":"Portada","item":"https:\/\/tipsapaterna.es\/"},{"@type":"ListItem","position":2,"name":"Novedades"}]},{"@type":"WebSite","@id":"https:\/\/tipsapaterna.es\/#website","url":"https:\/\/tipsapaterna.es\/","name":"Tipsa Paterna","description":"Tu empresa de transporte","publisher":{"@id":"https:\/\/tipsapaterna.es\/#organization"},"potentialAction":[{"@type":"SearchAction","target":{"@type":"EntryPoint","urlTemplate":"https:\/\/tipsapaterna.es\/?s={search_term_string}"},"query-input":"required name=search_term_string"}],"inLanguage":"es"},{"@type":"Organization","@id":"https:\/\/tipsapaterna.es\/#organization","name":"Tipsa Paterna","url":"https:\/\/tipsapaterna.es\/","logo":{"@type":"ImageObject","inLanguage":"es","@id":"https:\/\/tipsapaterna.es\/#\/schema\/logo\/image\/","url":"https:\/\/tipsapaterna.es\/wp-content\/uploads\/2023\/10\/cropped-120.jpg","contentUrl":"https:\/\/tipsapaterna.es\/wp-content\/uploads\/2023\/10\/cropped-120.jpg","width":70,"height":70,"caption":"Tipsa Paterna"},"image":{"@id":"https:\/\/tipsapaterna.es\/#\/schema\/logo\/image\/"}}]}},"_links":{"self":[{"href":"https:\/\/tipsapaterna.es\/index.php?rest_route=\/wp\/v2\/pages\/25","targetHints":{"allow":["GET"]}}],"collection":[{"href":"https:\/\/tipsapaterna.es\/index.php?rest_route=\/wp\/v2\/pages"}],"about":[{"href":"https:\/\/tipsapaterna.es\/index.php?rest_route=\/wp\/v2\/types\/page"}],"author":[{"embeddable":true,"href":"https:\/\/tipsapaterna.es\/index.php?rest_route=\/wp\/v2\/users\/1"}],"replies":[{"embeddable":true,"href":"https:\/\/tipsapaterna.es\/index.php?rest_route=%2Fwp%2Fv2%2Fcomments&post=25"}],"version-history":[{"count":2,"href":"https:\/\/tipsapaterna.es\/index.php?rest_route=\/wp\/v2\/pages\/25\/revisions"}],"predecessor-version":[{"id":90,"href":"https:\/\/tipsapaterna.es\/index.php?rest_route=\/wp\/v2\/pages\/25\/revisions\/90"}],"wp:attachment":[{"href":"https:\/\/tipsapaterna.es\/index.php?rest_route=%2Fwp%2Fv2%2Fmedia&parent=25"}],"curies":[{"name":"wp","href":"https:\/\/api.w.org\/{rel}","templated":true}]}}